{"id":2,"date":"2025-03-16T18:22:59","date_gmt":"2025-03-16T18:22:59","guid":{"rendered":"https:\/\/www.zoepfl.at\/?page_id=2"},"modified":"2026-02-25T20:39:33","modified_gmt":"2026-02-25T20:39:33","slug":"vhs","status":"publish","type":"page","link":"https:\/\/www.zoepfl.at\/index.php\/vhs\/","title":{"rendered":""},"content":{"rendered":"\n<p>Welche Kurse werden mit mir als Kursleiter derzeit angeboten:<\/p>\n\n\n\n<div class=\"wp-block-media-text is-stacked-on-mobile is-vertically-aligned-center has-accent-6-background-color has-background\" style=\"grid-template-columns:15% auto\"><figure class=\"wp-block-media-text__media\"><img loading=\"lazy\" decoding=\"async\" width=\"32\" height=\"32\" src=\"https:\/\/www.zoepfl.at\/wp-content\/uploads\/2025\/09\/vhs-Logo.png\" alt=\"\" class=\"wp-image-49 size-full\"\/><\/figure><div class=\"wp-block-media-text__content\">\n<p><a href=\"https:\/\/www.vhsooe.at\/kursbuch\/kurse-suchen\/?title=&amp;city=&amp;district=&amp;subdistrict=&amp;category=&amp;subcategory=&amp;instructor=Z%C3%B6pfl%20Robert&amp;targetgroup=&amp;from=&amp;to=&amp;akbonus=false&amp;order=B&amp;page=1\" target=\"_blank\" rel=\"noreferrer noopener nofollow\">Digital \u00dcberall VHS Braunau<\/a><\/p>\n<\/div><\/div>\n\n\n\n<p class=\"is-style-default\"><\/p>\n\n\n\n<p class=\"has-x-large-font-size\"><mark style=\"background-color:rgba(0, 0, 0, 0)\" class=\"has-inline-color has-accent-3-color\">Nachschlagewerk und Pr\u00e4sentationen besuchter Kurse:<\/mark><\/p>\n\n\n\n<div class=\"wp-block-group is-nowrap is-layout-flex wp-container-core-group-is-layout-6c531013 wp-block-group-is-layout-flex\">\n<p><strong><a href=\"https:\/\/www.zoepfl.at\/index.php\/smartphone-fuer-einsteiger\/\">Smartphone f\u00fcr Einsteiger:innen<\/a><\/strong><\/p>\n\n\n\n<p><strong><a href=\"https:\/\/www.zoepfl.at\/index.php\/sicherheit-im-internet\/\">Sicherheit im Internet<\/a> <\/strong><\/p>\n\n\n\n<p><strong><a href=\"https:\/\/www.zoepfl.at\/index.php\/id-austria\/\">ID Austria<\/a><\/strong><\/p>\n<\/div>\n\n\n\n<p>Zugang nur f\u00fcr Absolventen der entsprechenden Kurse.<\/p>\n\n\n\n<p>Zuletzt aktualisiert am 25.02.2026<\/p>\n","protected":false},"excerpt":{"rendered":"<p>Welche Kurse werden mit mir als Kursleiter derzeit angeboten: Digital \u00dcberall VHS Braunau Nachschlagewerk und Pr\u00e4sentationen besuchter Kurse: Smartphone f\u00fcr Einsteiger:innen Sicherheit im Internet ID Austria Zugang nur f\u00fcr Absolventen der entsprechenden Kurse. Zuletzt aktualisiert am 25.02.2026<\/p>\n","protected":false},"author":1,"featured_media":0,"parent":0,"menu_order":0,"comment_status":"closed","ping_status":"closed","template":"","meta":{"footnotes":""},"class_list":["post-2","page","type-page","status-publish","hentry"],"_links":{"self":[{"href":"https:\/\/www.zoepfl.at\/index.php\/wp-json\/wp\/v2\/pages\/2","targetHints":{"allow":["GET"]}}],"collection":[{"href":"https:\/\/www.zoepfl.at\/index.php\/wp-json\/wp\/v2\/pages"}],"about":[{"href":"https:\/\/www.zoepfl.at\/index.php\/wp-json\/wp\/v2\/types\/page"}],"author":[{"embeddable":true,"href":"https:\/\/www.zoepfl.at\/index.php\/wp-json\/wp\/v2\/users\/1"}],"replies":[{"embeddable":true,"href":"https:\/\/www.zoepfl.at\/index.php\/wp-json\/wp\/v2\/comments?post=2"}],"version-history":[{"count":14,"href":"https:\/\/www.zoepfl.at\/index.php\/wp-json\/wp\/v2\/pages\/2\/revisions"}],"predecessor-version":[{"id":155,"href":"https:\/\/www.zoepfl.at\/index.php\/wp-json\/wp\/v2\/pages\/2\/revisions\/155"}],"wp:attachment":[{"href":"https:\/\/www.zoepfl.at\/index.php\/wp-json\/wp\/v2\/media?parent=2"}],"curies":[{"name":"wp","href":"https:\/\/api.w.org\/{rel}","templated":true}]}}